{"id":897,"date":"2024-07-23T12:49:45","date_gmt":"2024-07-23T10:49:45","guid":{"rendered":"https:\/\/www.esportbenimarfull.com\/politica-de-privadesa\/"},"modified":"2024-07-29T11:40:00","modified_gmt":"2024-07-29T09:40:00","slug":"politica-de-privadesa","status":"publish","type":"page","link":"https:\/\/www.esportbenimarfull.com\/ca\/politica-de-privadesa\/","title":{"rendered":"Pol\u00edtica de privadesa"},"content":{"rendered":"\n<ol class=\"wp-block-list\">\n<li><strong>INFORMACI\u00d3 PER A L&#8217;USUARI<\/strong><\/li>\n<\/ol>\n\n<p>El  <strong>Excm. Ajuntament de Benimarfull <\/strong>  com a Responsable del Tractament, us informa que, segons el que disposa el Reglament (UE) 2016\/679, de 27 d&#8217;abril, (RGPD) ia la LO 3\/2018, de 5 de desembre, de protecci\u00f3 de dades i garantia de els drets digitals (LOPDGDD), tractarem les vostres dades tal com reflectim en la present Pol\u00edtica de Privadesa.<\/p>\n\n<p>En aquesta Pol\u00edtica de Privadesa descrivim com recollim les vostres dades personals i per qu\u00e8 les recollim, qu\u00e8 fem amb elles, amb qui les compartim, com les protegim i les seves opcions pel que fa al tractament de les vostres dades personals.<\/p>\n\n<p>Aquesta Pol\u00edtica s&#8217;aplica al tractament de les vostres dades personals recollides pel  <strong>Excm. Ajuntament de Benimarfull <\/strong>  per a la prestaci\u00f3 dels serveis. Si accepteu les mesures d&#8217;aquesta Pol\u00edtica, accepteu que tractem les vostres dades personals com es defineix en aquesta Pol\u00edtica. <\/p>\n\n<ol start=\"2\" class=\"wp-block-list\">\n<li><strong>DADES DE CONTACTE DEL RESPONSABLE DEL TRACTAMENT.<\/strong><\/li>\n<\/ol>\n\n<ul class=\"wp-block-list\">\n<li>Denominaci\u00f3 social: Ajuntament de Benimarfull<\/li>\n\n\n\n<li>CIF: P0303800G<\/li>\n\n\n\n<li>Domicili: Pla\u00e7a Major, 2 \u2013 03827 (Alacant) \u2013 Tel\u00e8fon 965531301<\/li>\n\n\n\n<li>E-mail: <a href=\"mailto:benimarfull@benimarfull.es\">benimarfull@benimarfull.es<\/a><\/li>\n\n\n\n<li>Dades del Delegat de Protecci\u00f3 de Dades: Oficina Provincial de Protecci\u00f3 de Dades (OPPD) de la Diputaci\u00f3 Provincial d&#8217;Alacant <a href=\"mailto:oficinapd@diputacionalicante.es\">oficinapd@diputacionalicante.es<\/a> Tel\u00e8fon 965988900<\/li>\n<\/ul>\n\n<ol start=\"3\" class=\"wp-block-list\">\n<li><strong>PRINCIPIS RECOLLITS<\/strong><\/li>\n\n\n\n<li>Les dades personals seran:<\/li>\n<\/ol>\n\n<p>a) tractats de manera l\u00edcita, lleial i transparent en relaci\u00f3 amb l&#8217;interessat (\u00ablicitud, lleialtat i transpar\u00e8ncia\u00bb);<br\/> b) recollits amb fins determinats, expl\u00edcits i leg\u00edtims, i no seran tractats ulteriorment de manera incompatible amb aquests fins.<br\/>c) adequats, pertinents i limitats al que sigui necessari en relaci\u00f3 amb els fins per als quals s\u00f3n tractats (\u00abminimitzaci\u00f3 de dades\u00bb).<br\/>d) exactes i, si cal, actualitzats; s&#8217;han d&#8217;adoptar totes les mesures raonables perqu\u00e8 se suprimeixin o rectifiquin sense dilaci\u00f3 les dades personals que siguin inexactes respecte a les finalitats per a les quals es tracten (\u00abexactitud\u00bb).<br\/>e) mantinguts de manera que es permeti la identificaci\u00f3 dels interessats durant no m\u00e9s temps del necessari per als fins del tractament de les dades personals. les dades personals es poden conservar durant per\u00edodes m\u00e9s llargs sempre que es tractin exclusivament amb fins d&#8217;arxiu en inter\u00e8s p\u00fablic, fins d&#8217;investigaci\u00f3 cient\u00edfica o hist\u00f2rica o fins estad\u00edstiques, de conformitat amb l&#8217;article 89, apartat 1, sense perjudici de l&#8217;aplicaci\u00f3 de les mesures t\u00e8cniques i organitzatives apropiades que imposa aquest Reglament a fi de protegir els drets i les llibertats de l&#8217;interessat (\u00ablimitaci\u00f3 del termini de conservaci\u00f3\u00bb). <br\/>f) tractats de manera que es garanteixi una seguretat adequada de les dades personals, inclosa la protecci\u00f3 contra el tractament no autoritzat o il\u00b7l\u00edcit i contra la seva p\u00e8rdua, destrucci\u00f3 o dany accidental, mitjan\u00e7ant l&#8217;aplicaci\u00f3 de mesures t\u00e8cniques o organitzatives apropiades (\u00abintegritat i confidencialitat\u00bb).<\/p>\n\n<ol start=\"4\" class=\"wp-block-list\">\n<li><strong>FINALITAT DEL TRACTAMENT DE LES DADES PERSONALS<\/strong><\/li>\n<\/ol>\n\n<p>En aquesta Entitat tractem la informaci\u00f3 obtinguda amb la finalitat de poder tramitar els expedients administratius i les actuacions que se&#8217;n deriven.<\/p>\n\n<p>Igualment tractem la informaci\u00f3 obtinguda amb la finalitat de poder enviar als interessats informaci\u00f3 de car\u00e0cter general que els pugui ser d&#8217;utilitat.<\/p>\n\n<p>Si escau, finalitats m\u00e9s expl\u00edcites i concretes poden indicar-se a les cl\u00e0usules informatives incorporades a cadascuna de les vies de presa de dades (formularis web, formularis en paper, locucions, cartells i notes informatives) per a sup\u00f2sits concrets.<\/p>\n\n<ol start=\"5\" class=\"wp-block-list\">\n<li><strong>TERMINI DE CONSERVACI\u00d3 DE LES SEVES DADES<\/strong><\/li>\n<\/ol>\n\n<p>Conservarem les vostres dades personals des que ens presti el seu consentiment fins a la seva revocaci\u00f3 o b\u00e9 sol\u00b7liciteu la seva limitaci\u00f3 del tractament. En aquests casos, mantindrem les vostres dades bloquejades durant els terminis legalment exigits. <\/p>\n\n<p>Sol\u00b7licitada la supressi\u00f3, es mantindran bloquejats durant el temps necessari, i limitant-ne el tractament, \u00fanicament per a algun d&#8217;aquests sup\u00f2sits, complir amb les obligacions legals\/contractuals\/normativa administrativa a qu\u00e8 estiguem sotmesos i\/o durant els terminis legals previstos per a la prescripci\u00f3 de qualsevol responsabilitat per part nostra i\/o l&#8217;exercici o la defensa de reclamacions derivades de la relaci\u00f3 mantinguda amb la persona usu\u00e0ria.<\/p>\n\n<p>En altres casos, el termini de conservaci\u00f3 de les dades dependr\u00e0 del que especifica cada tractament de dades personals.<\/p>\n\n<p>De conformitat amb all\u00f2 regulat a l&#8217;article 26 de la LOPD-GDD ser\u00e0 l\u00edcit el tractament per aquesta Entitat de les dades amb fins d&#8217;arxiu en inter\u00e8s p\u00fablic, sempre complint amb la normativa vigent d&#8217;arxius i documentaci\u00f3.<\/p>\n\n<ol start=\"6\" class=\"wp-block-list\">\n<li><strong>LEGITIMACI\u00d3 I DADES RECAPTADES<\/strong><\/li>\n<\/ol>\n\n<p>El consentiment \u00e9s una manifestaci\u00f3 de voluntat lliure, espec\u00edfica, informada i inequ\u00edvoca d&#8217;acceptaci\u00f3 del tractament.<\/p>\n\n<p>La legitimaci\u00f3 per al tractament de les vostres dades podria ser el consentiment expr\u00e9s atorgat mitjan\u00e7ant un acte positiu i afirmatiu (emplenar el formulari corresponent i marcar la casella d&#8217;acceptaci\u00f3 d&#8217;aquesta pol\u00edtica) en el moment de facilitar-nos les vostres dades personals.<\/p>\n\n<p>En emplenar els formularis, marcar la casella \u201cAccepto la Pol\u00edtica de Privadesa\u201d i fer clic per enviar les dades, o en remetre correus electr\u00f2nics a la Diputaci\u00f3 Provincial d&#8217;Alacant a trav\u00e9s dels comptes habilitats a aquest efecte, l&#8217;Usuari manifesta haver llegit i acceptat expressament aquesta pol\u00edtica de privadesa, i atorga el seu consentiment inequ\u00edvoc i expr\u00e9s al tractament de les seves dades personals conforme a les finalitats indicades.<\/p>\n\n<p>Igualment, la base legal per al tractament de les dades podria basar-se en el compliment d&#8217;una missi\u00f3 que es realitza en inter\u00e8s p\u00fablic o en l&#8217;exercici de poders p\u00fablics, de conformitat amb la llei 39\/2015, d&#8217;1 d&#8217;octubre, de procediment administratiu Com\u00fa.<\/p>\n\n<p><strong>Categories de dades<\/strong><\/p>\n\n<p>Les dades que es demanen es refereixen a la categoria de dades identificatives, com poden ser: Nom i Cognoms, DNI, Tel\u00e8fon, Adre\u00e7a Postal, Empresa, Correu electr\u00f2nic, aix\u00ed com l&#8217;adre\u00e7a IP des d&#8217;on accedeix al formulari de recollida de dades, aix\u00ed com qualsevol altra dada necess\u00e0ria per als tr\u00e0mits administratius sol\u00b7licitats.<\/p>\n\n<ol start=\"7\" class=\"wp-block-list\">\n<li>EXIST\u00c8NCIA DE DECIONS AUTOMATITZADES<\/li>\n<\/ol>\n\n<p>Aquesta entitat pot prendre decisions automatitzades basades en la cobertura legal que li atorga larticle 41 de la Llei 40\/2015, de 1 doctubre, de R\u00e8gim Jur\u00eddic del Sector P\u00fablic. Seria qualsevol acte o actuaci\u00f3 realitzada \u00edntegrament a trav\u00e9s de mitjans electr\u00f2nics en el marc d&#8217;un procediment administratiu i en qu\u00e8 no hagi intervingut directament una persona. <\/p>\n\n<p>S&#8217;haur\u00e0 de regular la presa de decisions automatitzades en una normativa pr\u00f2pia, definint-hi les especificacions, programaci\u00f3, manteniment, supervisi\u00f3 i control de qualitat. Aquesta normativa estar\u00e0 a disposici\u00f3 dels ciutadans a la seu electr\u00f2nica d&#8217;aquesta Entitat.   <\/p>\n\n<ol start=\"7\" class=\"wp-block-list\">\n<li><strong>MESURES DE SEGURETAT<\/strong><\/li>\n<\/ol>\n\n<p>Dins del nostre comprom\u00eds per garantir la seguretat i confidencialitat de les vostres dades de car\u00e0cter personal, us informem que s&#8217;han adoptat les mesures d&#8217;\u00edndole t\u00e8cnica i organitzatives necess\u00e0ries per garantir la seguretat de les dades de car\u00e0cter personal i evitar la vostra alteraci\u00f3, p\u00e8rdua, tractament o acc\u00e9s no autoritzat, tenint en compte l&#8217;estat de la tecnologia, la naturalesa de les dades emmagatzemades i els riscos a qu\u00e8 estiguin exposats, segons l&#8217;Art. 32 del RGPD EU 679\/2016 i l&#8217;Esquema Nacional de Seguretat (ENS. Reial Decret 3\/ 2010, de 8 de gener, modificat pel Reial decret 951\/2015).<\/p>\n\n<ol start=\"8\" class=\"wp-block-list\">\n<li><strong>COMUNICACI\u00d3\/CESSI\u00d3 DE DADES PERSONALS<\/strong><\/li>\n<\/ol>\n\n<p>Les dades poden ser comunicades a empreses relacionades amb l&#8217; <strong>Ajuntament de Benimarfull<\/strong> per a la prestaci\u00f3 dels diversos serveis en qualitat d&#8217;encarregats del tractament.<\/p>\n\n<p>Les dades es comunicaran a altres administracions p\u00fabliques sempre que sigui necessari per complir els fins enumerats anteriorment, sempre que hi hagi normativa legal que l&#8217;empari.<\/p>\n\n<ol start=\"9\" class=\"wp-block-list\">\n<li><strong>EXERCICI DE DRETS<\/strong><\/li>\n<\/ol>\n\n<p>Qualsevol persona t\u00e9 dret a obtenir informaci\u00f3 sobre si en aquesta Entitat s&#8217;estan tractant les dades personals o no.<\/p>\n\n<p>Les persones interessades tenen dret a accedir a les dades personals, al termini de conservaci\u00f3 de les dades, fins i tot a obtenir una c\u00f2pia de les dades objecte del tractament.<\/p>\n\n<p>Aix\u00ed mateix, t\u00e9 dret de rectificaci\u00f3 de les dades si s\u00f3n inexactes. (Per exemple, podeu sol\u00b7licitar una rectificaci\u00f3 del vostre domicili, un canvi de nom, etc.).<\/p>\n\n<p>Els interessats tenen dret a la limitaci\u00f3 del tractament, per aix\u00f2 hauran de sol\u00b7licitar-ho al responsable, el qual haur\u00e0 de suspendre el tractament de les dades quan els ciutadans sol\u00b7licitin la rectificaci\u00f3 o supressi\u00f3 de les seves dades, fins que es resolgui la seva sol\u00b7licitud.<\/p>\n\n<p>Els interessats podran exercir el dret de supressi\u00f3 (dret a l&#8217;oblit) sempre que es donin les circumst\u00e0ncies enumerades a l&#8217;RGPD i segons el que regula l&#8217;article 15 de la LOPD-GDD.<\/p>\n\n<p>L&#8217;afectat pot exercir el dret d&#8217;oposici\u00f3 al tractament, sempre per motius relacionats amb la seva situaci\u00f3 personal, amb l&#8217;excepci\u00f3 del que s&#8217;acrediti un inter\u00e8s leg\u00edtim, o sigui necessari per a l&#8217;exercici o la defensa de reclamacions. Igualment, quan el tractament tingui per objecte la m\u00e0rqueting t\u00e8cnica directa.<\/p>\n\n<p>L&#8217;interessat tindr\u00e0 dret a la portabilitat a obtenir les dades en un format estructurat, d&#8217;\u00fas com\u00fa i de lectura mec\u00e0nica, ia transmetre&#8217;ls a un altre responsable del tractament quan el tractament estigui basat en el consentiment o s&#8217;efectu\u00ef per mitjans automatitzats.<\/p>\n\n<p>Els interessats podran exercir els drets enumerats als par\u00e0grafs anteriors, a trav\u00e9s dels formularis disponibles a la seu electr\u00f2nica d&#8217;aquesta entitat o remetent-hi un escrit per correu postal.<\/p>\n\n<p>Podeu exercir aquests drets enviant comunicaci\u00f3, motivada i acreditada, a la direcci\u00f3 del Delegat de Protecci\u00f3 de dades assenyalada al comen\u00e7ament de la Pol\u00edtica de Privadesa. Tamb\u00e9 t\u00e9 dret a presentar una reclamaci\u00f3 davant de l&#8217;Autoritat de control competent (www.aepd.es) si considera que el tractament no s&#8217;ajusta a la normativa vigent.<\/p>\n\n<ol start=\"10\" class=\"wp-block-list\">\n<li><strong>INFORMACI\u00d3 LEGAL<\/strong><\/li>\n<\/ol>\n\n<p>Els requisits d&#8217;aquesta Pol\u00edtica complementen i no reemplacen qualsevol altre requisit existent sota la llei de protecci\u00f3 de dades aplicable, que ser\u00e0 la que prevalgui, en qualsevol cas. Aquesta Pol\u00edtica est\u00e0 subjecta a revisions peri\u00f2diques i l&#8217; <strong>Ajuntament de Benimarfull<\/strong> la pot modificar en qualsevol moment. Quan aix\u00f2 passi, us avisarem de qualsevol canvi i us demanarem que torneu a llegir la versi\u00f3 m\u00e9s recent de la nostra Pol\u00edtica i que confirmeu la seva acceptaci\u00f3.<\/p>\n","protected":false},"excerpt":{"rendered":"<p>El Excm. Ajuntament de Benimarfull com a Responsable del Tractament, us informa que, segons el que disposa el Reglament (UE) 2016\/679, de 27 d&#8217;abril, (RGPD) ia la LO 3\/2018, de 5 de desembre, de protecci\u00f3 de dades i garantia de els drets digitals (LOPDGDD), tractarem les vostres dades tal com reflectim en la present Pol\u00edtica [&hellip;]<\/p>\n","protected":false},"author":1,"featured_media":0,"parent":0,"menu_order":0,"comment_status":"closed","ping_status":"closed","template":"","meta":{"site-sidebar-layout":"default","site-content-layout":"","ast-site-content-layout":"default","site-content-style":"default","site-sidebar-style":"default","ast-global-header-display":"","ast-banner-title-visibility":"","ast-main-header-display":"","ast-hfb-above-header-display":"","ast-hfb-below-header-display":"","ast-hfb-mobile-header-display":"","site-post-title":"","ast-breadcrumbs-content":"","ast-featured-img":"","footer-sml-layout":"","theme-transparent-header-meta":"","adv-header-id-meta":"","stick-header-meta":"","header-above-stick-meta":"","header-main-stick-meta":"","header-below-stick-meta":"","astra-migrate-meta-layouts":"default","ast-page-background-enabled":"default","ast-page-background-meta":{"desktop":{"background-color":"var(--ast-global-color-4)","background-image":"","background-repeat":"repeat","background-position":"center center","background-size":"auto","background-attachment":"scroll","background-type":"","background-media":"","overlay-type":"","overlay-color":"","overlay-opacity":"","overlay-gradient":""},"tablet":{"background-color":"","background-image":"","background-repeat":"repeat","background-position":"center center","background-size":"auto","background-attachment":"scroll","background-type":"","background-media":"","overlay-type":"","overlay-color":"","overlay-opacity":"","overlay-gradient":""},"mobile":{"background-color":"","background-image":"","background-repeat":"repeat","background-position":"center center","background-size":"auto","background-attachment":"scroll","background-type":"","background-media":"","overlay-type":"","overlay-color":"","overlay-opacity":"","overlay-gradient":""}},"ast-content-background-meta":{"desktop":{"background-color":"var(--ast-global-color-5)","background-image":"","background-repeat":"repeat","background-position":"center center","background-size":"auto","background-attachment":"scroll","background-type":"","background-media":"","overlay-type":"","overlay-color":"","overlay-opacity":"","overlay-gradient":""},"tablet":{"background-color":"var(--ast-global-color-5)","background-image":"","background-repeat":"repeat","background-position":"center center","background-size":"auto","background-attachment":"scroll","background-type":"","background-media":"","overlay-type":"","overlay-color":"","overlay-opacity":"","overlay-gradient":""},"mobile":{"background-color":"var(--ast-global-color-5)","background-image":"","background-repeat":"repeat","background-position":"center center","background-size":"auto","background-attachment":"scroll","background-type":"","background-media":"","overlay-type":"","overlay-color":"","overlay-opacity":"","overlay-gradient":""}},"footnotes":""},"class_list":["post-897","page","type-page","status-publish","hentry"],"_links":{"self":[{"href":"https:\/\/www.esportbenimarfull.com\/ca\/wp-json\/wp\/v2\/pages\/897","targetHints":{"allow":["GET"]}}],"collection":[{"href":"https:\/\/www.esportbenimarfull.com\/ca\/wp-json\/wp\/v2\/pages"}],"about":[{"href":"https:\/\/www.esportbenimarfull.com\/ca\/wp-json\/wp\/v2\/types\/page"}],"author":[{"embeddable":true,"href":"https:\/\/www.esportbenimarfull.com\/ca\/wp-json\/wp\/v2\/users\/1"}],"replies":[{"embeddable":true,"href":"https:\/\/www.esportbenimarfull.com\/ca\/wp-json\/wp\/v2\/comments?post=897"}],"version-history":[{"count":1,"href":"https:\/\/www.esportbenimarfull.com\/ca\/wp-json\/wp\/v2\/pages\/897\/revisions"}],"predecessor-version":[{"id":898,"href":"https:\/\/www.esportbenimarfull.com\/ca\/wp-json\/wp\/v2\/pages\/897\/revisions\/898"}],"wp:attachment":[{"href":"https:\/\/www.esportbenimarfull.com\/ca\/wp-json\/wp\/v2\/media?parent=897"}],"curies":[{"name":"wp","href":"https:\/\/api.w.org\/{rel}","templated":true}]}}