{"id":894,"date":"2024-07-23T12:49:08","date_gmt":"2024-07-23T10:49:08","guid":{"rendered":"https:\/\/www.esportbenimarfull.com\/politica-de-cookies\/"},"modified":"2024-07-29T11:39:18","modified_gmt":"2024-07-29T09:39:18","slug":"politica-de-cookies","status":"publish","type":"page","link":"https:\/\/www.esportbenimarfull.com\/ca\/politica-de-cookies\/","title":{"rendered":"Pol\u00edtica de cookies"},"content":{"rendered":"\n<p>Aquest lloc web utilitza cookies i tecnologies similars per proporcionar el servei, aix\u00ed com permetre&#8217;ns millorar-lo, a trav\u00e9s de l&#8217;obtenci\u00f3 d&#8217;estad\u00edstiques sobre el seu \u00fas i altres finalitats.<\/p>\n\n<p>Navegar per aquesta web implica necess\u00e0riament la utilitzaci\u00f3 de galetes i tecnologies similars sempre que sigui necessari per al seu funcionament. Aix\u00ed mateix, per a certes finalitats, les galetes i l&#8217;emmagatzematge local estaran subjectes al seu consentiment previ. Podeu acceptar o rebutjar les galetes mitjan\u00e7ant el sistema de configuraci\u00f3 establert i tamb\u00e9 \u00e9s possible configurar el navegador per impedir-ne l&#8217;\u00fas.  <\/p>\n\n<p>Aquesta pol\u00edtica forma part de la nostra pol\u00edtica de privadesa i inclou el seg\u00fcent:<\/p>\n\n<ul class=\"wp-block-list\">\n<li>Qu\u00e8 s\u00f3n les cookies?<\/li>\n\n\n\n<li>Per qu\u00e8 es fan servir les galetes?<\/li>\n\n\n\n<li>Qu\u00e8 entenem per tecnologies similars a les cookies?<\/li>\n\n\n\n<li>Qu\u00e8 s\u00f3n les galetes de tercers? Qui s\u00f3n els destinataris de la informaci\u00f3? <\/li>\n\n\n\n<li>Durant quant de temps es mantenen actives les cookies o tecnologies similars?<\/li>\n\n\n\n<li>\u00das de navegadors amb mode de navegaci\u00f3 privada<\/li>\n\n\n\n<li>Com impedir l&#8217;\u00fas de cookies i com esborrar-les?<\/li>\n\n\n\n<li>Informaci\u00f3 detallada sobre les cookies utilitzades per aquest lloc web<\/li>\n<\/ul>\n\n<h3 class=\"wp-block-heading\">Qu\u00e8 s\u00f3n les cookies?<\/h3>\n\n<p>Les \u201ccookies\u201d s\u00f3n petits fitxers temporals que es creen al dispositiu de l&#8217;usuari (ordinador, tel\u00e8fon, tauleta, etc.) quan visita una web, i que permeten a la mateixa emmagatzemar o recuperar informaci\u00f3 quan navega, per exemple, per guardar els seus prefer\u00e8ncies d&#8217;\u00fas o per recon\u00e8ixer-ho en visites posteriors, aix\u00ed com obtenir informaci\u00f3 sobre els seus h\u00e0bits de navegaci\u00f3.<\/p>\n\n<p>Quan una web crea una galeta al dispositiu de l&#8217;usuari, s&#8217;emmagatzema l&#8217;adre\u00e7a\/domini del web que ha creat la galeta, la durada de la galeta que pot anar de pocs minuts a diversos anys, aix\u00ed com el contingut de la galeta. L&#8217;usuari pot deshabilitar les cookies en tot moment mitjan\u00e7ant el sistema de configuraci\u00f3 d&#8217;aquest lloc web, aix\u00ed com configurar el programa de navegaci\u00f3 per impedir (bloquejar) l&#8217;\u00fas de cookies per part de determinades webs, aix\u00ed com esborrar les cookies emmagatzemades pr\u00e8viament. <\/p>\n\n<h3 class=\"wp-block-heading\">Per qu\u00e8 es fan servir les cookeis?<\/h3>\n\n<p>Els usos o finalitats m\u00e9s habituals s\u00f3n:<\/p>\n\n<ul class=\"wp-block-list\">\n<li>Galetes t\u00e8cniques essencials. S&#8217;utilitzen per gestionar el flux de navegaci\u00f3 dins de la web o per mantenir l&#8217;usuari connectat a aquesta. En deshabilitar-les, \u00e9s possible que algun apartat de la web no funcioni correctament.  <\/li>\n\n\n\n<li>cookies de personalitzaci\u00f3. Necess\u00e0ries per recordar determinades prefer\u00e8ncies de lusuari. <\/li>\n\n\n\n<li>cookies anal\u00edtiques. Ens ajuden a nosaltres ia tercers a recopilar informaci\u00f3 de la proced\u00e8ncia dels usuaris i la seva navegaci\u00f3 dins del web, a l&#8217;efecte de fer una an\u00e0lisi estad\u00edstica per poder millorar l&#8217;estructura i els continguts. <\/li>\n\n\n\n<li>cookies publicit\u00e0ries. Utilitzades per gestionar els anuncis que apareixen a la web, decidir el contingut o la freq\u00fc\u00e8ncia dels anuncis. <\/li>\n\n\n\n<li>cookies publicit\u00e0ries comportamentals. Ajuden a recopilar els h\u00e0bits de navegaci\u00f3 de l&#8217;usuari per crear un perfil dels vostres interessos i per mostrar-vos anuncis adaptats. <\/li>\n\n\n\n<li>cookies per a compartici\u00f3 social. S\u00f3n necess\u00e0ries per identificar l&#8217;usuari a les seves xarxes socials i aix\u00ed permetre compartir continguts. <\/li>\n<\/ul>\n\n<h3 class=\"wp-block-heading\">Qu\u00e8 entenem per tecnologies similars a les galetes?<\/h3>\n\n<p>S&#8217;ent\u00e9n per tecnologies similars qualsevol tipus de mecanisme d&#8217;emmagatzematge i recuperaci\u00f3 de dades que s&#8217;utilitzi al dispositiu de l&#8217;usuari per obtenir informaci\u00f3. Les m\u00e9s habituals inclouen: <\/p>\n\n<ul class=\"wp-block-list\">\n<li>Lemmagatzematge local del navegador. Alguns webs utilitzen emmagatzematges locals anomenats \u201csessionStorage\u201d i \u201clocalStorage\u201d, aix\u00ed com la base de dades indexada del navegador, per guardar informaci\u00f3; <\/li>\n\n\n\n<li>L&#8217;emmagatzematge local dels connectors del navegador, com ara l&#8217;emmagatzematge local de Flash (Flash Local Shared Objects) o l&#8217;emmagatzematge local de Silverlight (Isolated Objects).<\/li>\n\n\n\n<li>El \u201cweb beacon\u201d \u00e9s una t\u00e8cnica de rastreig que consisteix a inserir en una p\u00e0gina web (o en un correu electr\u00f2nic) una imatge allotjada en un servidor d&#8217;Internet de manera que, quan el navegador o programa de correu es connecta a aquest servidor per descarregar i visualitzar la imatge, la connexi\u00f3 queda enregistrada. Aix\u00f2 permet con\u00e8ixer que lusuari ha visualitzat la p\u00e0gina web o el correu. De vegades aquesta imatge \u00e9s molt petita o transparent de manera que l&#8217;usuari no s&#8217;adona de la seva exist\u00e8ncia.  <\/li>\n\n\n\n<li>Les t\u00e8cniques de fingerprinting que combinen informaci\u00f3 obtinguda del navegador o de l&#8217;equip de navegaci\u00f3 per distingir un usuari en les seves visites successives diferents llocs web.<\/li>\n<\/ul>\n\n<h3 class=\"wp-block-heading\">Qu\u00e8 s\u00f3n les cookies de tercers? Qui s\u00f3n els destinataris de la informaci\u00f3? <\/h3>\n\n<p>Les cookies d&#8217;aquesta web es poden classificar, en funci\u00f3 de qui les cre\u00ef, en dues categories:<\/p>\n\n<ul class=\"wp-block-list\">\n<li>Cookies pr\u00f2pies: es creen i manegen des dels nostres llocs i dominis web, sent la informaci\u00f3 obtinguda gestionada directament o indirectament per nosaltres per a les nostres pr\u00f2pies finalitats.<\/li>\n\n\n\n<li>cookies de tercers: s\u00f3n les galetes que es creen i es manegen des d&#8217;altres llocs web que, encara que no estan completament sota el nostre control, proporcionen funcions i caracter\u00edstiques que hem decidit incloure a la nostra web, com, per exemple: mapes interactius, v\u00eddeos i elements multim\u00e8dia, botons per compartir a xarxes socials, anuncis, etc. Aquestes galetes estan sota el control del tercer que proporciona la funci\u00f3 corresponent. <\/li>\n<\/ul>\n\n<p>La gran majoria de les funcions de tercers impliquen l&#8217;acc\u00e9s o la recopilaci\u00f3 d&#8217;informaci\u00f3 (i l&#8217;\u00fas de cookies) per part del tercer que proporciona la funci\u00f3, en base als seus propis criteris i finalitats, incloent-hi la recopilaci\u00f3 sobre els h\u00e0bits de navegaci\u00f3 per mostrar-vos publicitat personalitzada. A l&#8217;apartat seg\u00fcent s&#8217;indiquen les funcions i caracter\u00edstiques de tercers utilitzades en aquesta p\u00e0gina web. <\/p>\n\n<h3 class=\"wp-block-heading\">Durant quant de temps es mantenen actives les cookies o tecnologies similars?<\/h3>\n\n<p>En funci\u00f3 de la perman\u00e8ncia o el temps d&#8217;activitat, podem diferenciar entre:<\/p>\n\n<ul class=\"wp-block-list\">\n<li>cookies temporals de sessi\u00f3; romanen emmagatzemades a l&#8217;equip de navegaci\u00f3 fins que l&#8217;usuari abandona la p\u00e0gina web; el navegador les esborra en acabar la sessi\u00f3 de navegaci\u00f3.<\/li>\n\n\n\n<li>cookies persistents; romanen a l&#8217;equip de navegaci\u00f3 i la web les llegeix cada cop que l&#8217;usuari fa una nova visita. Aquestes galetes s&#8217;esborren autom\u00e0ticament passat un cert termini de temps, que pot ser curt o molt llarg. <\/li>\n<\/ul>\n\n<p>Aquesta pol\u00edtica inclou informaci\u00f3 sobre la durada de les galetes; per a m\u00e9s informaci\u00f3, consulteu la nostra pol\u00edtica de privadesa, aix\u00ed com la informaci\u00f3 proporcionada en les pol\u00edtiques de privadesa dels tercers prove\u00efdors de funcions web.<\/p>\n\n<h3 class=\"wp-block-heading\">\u00das de navegadors amb mode de navegaci\u00f3 privada<\/h3>\n\n<p>Si voleu utilitzar aquest web amb m\u00e9s grau de privadesa i limitant que les cookies quedin emmagatzemades per terminis llargs de temps, recomanem que utilitzeu un navegador web que disposi d&#8217;una opci\u00f3 de navegaci\u00f3 \u201cprivada\u201d. Podeu obtenir informaci\u00f3 sobre aquesta possibilitat a les p\u00e0gines d&#8217;ajuda dels navegadors m\u00e9s comuns: <\/p>\n\n<figure class=\"wp-block-table\"><table class=\"has-fixed-layout\"><tbody><tr><td>Navegador<\/td><td>Nom de la funci\u00f3 de navegaci\u00f3 privada<\/td><td>Obtenir m\u00e9s informaci\u00f3<\/td><\/tr><tr><td>Internet Explorer 8 i superiorMicrosoft Edge<\/td><td>InPrivate<\/td><td>https:\/\/support.microsoft.com\/es-es\/products\/internet-explorer (Explorer)https:\/\/support.microsoft.com\/es-es\/instantanswers\/34b9a3a6-68bc-510b-2a9e-833107495ee5\/browse- inprivate-in-microsoft-edge (Microsoft Edge)<\/td><\/tr><tr><td>Safari 2 i superior<\/td><td>Navegaci\u00f3 privada<\/td><td>https:\/\/support.apple.com\/es-es\/HT203036<\/td><\/tr><tr><td>Opera 10.5 i superior<\/td><td>Navegaci\u00f3 privada<\/td><td>http:\/\/help.opera.com\/Windows\/12.00\/es-ES\/private.html<\/td><\/tr><tr><td>FireFox 3.5 i superior<\/td><td>Navegaci\u00f3 privada<\/td><td>https:\/\/support.mozilla.org\/es\/kb\/navegacion-privada-Firefox-no-guardar-historial-navegacion<\/td><\/tr><tr><td>Google Chrome 10 i superior<\/td><td>Mode inc\u00f2gnit<\/td><td>https:\/\/support.google.com\/chrome\/answer\/7005900?rd=1<\/td><\/tr><\/tbody><\/table><\/figure>\n\n<h3 class=\"wp-block-heading\">Com impedir l&#8217;\u00fas de galetes i com esborrar-les?<\/h3>\n\n<p>Podeu configurar les vostres prefer\u00e8ncies en qualsevol moment mitjan\u00e7ant el sistema de configuraci\u00f3 de cookies integrat en aquest lloc web, podreu activar \/ desactivar l&#8217;\u00fas de cookies segons les seves finalitats.<\/p>\n\n<p>Podeu accedir al sistema de configuraci\u00f3 mitjan\u00e7ant l&#8217;enlla\u00e7 al peu de la p\u00e0gina d&#8217;inici o prement aqu\u00ed.<\/p>\n\n<p>La majoria de navegadors permeten desactivar globalment les cookies . Molts navegadors tamb\u00e9 permeten esborrar les cookies associades a webs\/dominis concrets. Per fer-ho, l&#8217;usuari ha de consultar l&#8217;ajuda del navegador. A continuaci\u00f3, s&#8217;inclouen enlla\u00e7os a les p\u00e0gines d&#8217;ajuda dels navegadors m\u00e9s habituals per con\u00e8ixer la configuraci\u00f3 de cookies a cadascun:   <\/p>\n\n<ul class=\"wp-block-list\">\n<li>Chrome: <a href=\"https:\/\/support.google.com\/chrome\/answer\/95647?hl=es\">https:\/\/support.google.com\/chrome\/answer\/95647?hl=ca<\/a><\/li>\n\n\n\n<li>Explorer: <a href=\"https:\/\/support.microsoft.com\/es-es\/help\/17442\/windows-internet-explorer-delete-manage-cookies\">https:\/\/support.microsoft.com\/es-es\/help\/17442\/windows-internet-explorer-delete-manage-cookies<\/a><\/li>\n\n\n\n<li>Microsoft Edge: https:\/\/privacy.microsoft.com\/ca-ES\/windows-10-microsoft-edge-and-privacy<\/li>\n\n\n\n<li>Firefox: <a href=\"https:\/\/support.mozilla.org\/es\/kb\/habilitar-y-deshabilitar-cookies-sitios-web-rastrear-preferencias\">https:\/\/support.mozilla.org\/es\/kb\/habilitar-y-deshabilitar-cookies-sitios-web-rastrear-preferencias<\/a><\/li>\n\n\n\n<li>Safari: <a href=\"https:\/\/support.apple.com\/kb\/PH17191?viewlocale=es_ES&amp;locale=es_ES\">https:\/\/support.apple.com\/kb\/PH17191?viewlocale=ca_ES&amp;locale=ca_CA<\/a><\/li>\n\n\n\n<li>Safari per a IOS: <a href=\"https:\/\/support.apple.com\/es-es\/HT201265\">https:\/\/support.apple.com\/es-es\/HT201265<\/a><\/li>\n\n\n\n<li>Opera: <a href=\"http:\/\/www.opera.com\/es\/help\">http:\/\/www.opera.com\/es\/help<\/a><\/li>\n<\/ul>\n\n<p>Per esborrar les dades desades a l&#8217;emmagatzematge local del navegador, l&#8217;usuari pot esborrar l&#8217;historial de navegaci\u00f3.<\/p>\n\n<p>Per saber com esborrar l&#8217;emmagatzematge local de Flash o per limitar la quantitat d&#8217;espai perm\u00e8s, consulteu les p\u00e0gines d&#8217;Ajuda d&#8217;Adobe: http:\/\/www.macromedia.com\/support\/documentation\/en\/flashplayer\/help\/settings_manager07.html<\/p>\n\n<p>Per a altres navegadors, aix\u00ed com per a qualsevol aclariment o pregunta sobre les cookies d&#8217;aquesta web, podeu contactar-nos a trav\u00e9s de les dades de contacte de la web.<\/p>\n\n<p>Av\u00eds important: en cas de bloquejar les cookies \u00e9s possible que determinats serveis o funcionalitats de la web no funcionin correctament.<\/p>\n\n<h3 class=\"wp-block-heading\">Informaci\u00f3 detallada sobre les cookies utilitzades per aquest lloc web<\/h3>\n\n<p><strong>Informaci\u00f3 sobre les cookies pr\u00f2pies:<\/strong><\/p>\n\n<ul class=\"wp-block-list\">\n<li>Cookies funcionals\/t\u00e8cniques: Necess\u00e0ries per mostrar correctament la p\u00e0gina web i garantir el funcionament correcte del lloc. Et permeten navegar al nostre lloc web i utilitzar les diferents opcions o serveis que teniu. Amb elles podem, per exemple, controlar el tr\u00e0nsit i la comunicaci\u00f3 de dades, identificar-te durant la sessi\u00f3, donar-te acc\u00e9s a parts d&#8217;acc\u00e9s restringit i utilitzar elements de seguretat durant la teva navegaci\u00f3.  <\/li>\n<\/ul>\n\n<ul class=\"wp-block-list\">\n<li>Cookies Anal\u00edtiques: S&#8217;utilitzen per analitzar el comportament dels usuaris de forma agregada i an\u00f2nima incloent el nombre de visitants a la web ia diferents p\u00e0gines internes, la proced\u00e8ncia de la visita, dia i hora, plataforma, paraules de cerca que utilitza un usuari per a trobar el contingut desitjat.<\/li>\n<\/ul>\n\n<p><strong>Informaci\u00f3 sobre les Cookies de Tercers:<\/strong><\/p>\n\n<p>S\u00f3n galetes administrades i controlades per Tercers, amb la finalitat de realitzar\/proporcionar funcionalitats, realitzar an\u00e0lisis de navegaci\u00f3, personalitzaci\u00f3 de la navegaci\u00f3 i cerques, aix\u00ed com publicitat compartimental.<\/p>\n\n<ul class=\"wp-block-list\">\n<li>cookies funcionals\/t\u00e8cniques: Et permeten navegar a trav\u00e9s de la nostra p\u00e0gina, utilitzant les diferents opcions o serveis que t&#8217;oferim com, per exemple, visualitzar v\u00eddeos o compartir continguts a trav\u00e9s de xarxes socials.<\/li>\n<\/ul>\n\n<figure class=\"wp-block-table\"><table class=\"has-fixed-layout\"><tbody><tr><td>Tercer Propietari<\/td><td>Durada<\/td><td>Informaci\u00f3 sobre l&#8217;\u00fas i la finalitat<\/td><\/tr><tr><td>YouTube<\/td><td>Sessi\u00f3\/1 any<\/td><td><a href=\"https:\/\/www.google.es\/intl\/es\/policies\/privacy\/\">https:\/\/www.google.es\/intl\/es\/policies\/privacy\/<\/a><\/td><\/tr><tr><td>Twitter<\/td><td>Sessi\u00f3\/1 any<\/td><td><a href=\"https:\/\/help.twitter.com\/es\/rules-and-policies\/twitter-cookies\">https:\/\/help.twitter.com\/es\/rules-and-policies\/twitter-cookies<\/a><\/td><\/tr><tr><td>Facebook<\/td><td>Sessi\u00f3\/1 any<\/td><td><a href=\"https:\/\/es-es.facebook.com\/policies\/cookies\/\">https:\/\/es-es.facebook.com\/policies\/cookies\/<\/a><\/td><\/tr><tr><td>Instagram<\/td><td>Sessi\u00f3\/1 any<\/td><td><a href=\"https:\/\/help.instagram.com\/519522125107875\">https:\/\/help.instagram.com\/519522125107875<\/a><\/td><\/tr><tr><td>Google Inc<\/td><td>Permanent<\/td><td><a href=\"https:\/\/www.google.es\/intl\/es\/policies\/privacy\/\">https:\/\/www.google.es\/intl\/es\/policies\/privacy\/<\/a><\/td><\/tr><\/tbody><\/table><\/figure>\n\n<ul class=\"wp-block-list\">\n<li>cookies d&#8217;an\u00e0lisi: Aquests tercers ens ofereixen informaci\u00f3 estad\u00edstica sobre el comportament dels diferents usuaris a la nostra p\u00e0gina web per introduir millores en funci\u00f3 de l&#8217;an\u00e0lisi de les dades sobre l&#8217;\u00fas de productes i\/o serveis a la p\u00e0gina web.<\/li>\n<\/ul>\n\n<figure class=\"wp-block-table\"><table class=\"has-fixed-layout\"><tbody><tr><td>Tercer Propietari<\/td><td>Durada<\/td><td>Informaci\u00f3 sobre l&#8217;\u00fas i la finalitat<\/td><\/tr><tr><td>Google Analytics<\/td><td>De 30 minuts a 2 anys<\/td><td><a href=\"http:\/\/www.google.com\/analytics\/tos.html\">http:\/\/www.google.com\/analytics\/tos.html<\/a><\/td><\/tr><tr><td>YouTube<\/td><td>De 30 minuts a 2 anys<\/td><td><a href=\"https:\/\/www.google.es\/intl\/es\/policies\/privacy\/\">https:\/\/www.google.es\/intl\/es\/policies\/privacy\/<\/a><\/td><\/tr><tr><td>Facebook<\/td><td>De 30 minuts a 2 anys<\/td><td><a href=\"https:\/\/es-es.facebook.com\/policies\/cookies\/\">https:\/\/es-es.facebook.com\/policies\/cookies\/<\/a><\/td><\/tr><tr><td>Adara Analytics<\/td><td>De 30 minuts a 2 anys<\/td><td>http:\/\/adara.com\/privacy-promise<\/td><\/tr><\/tbody><\/table><\/figure>\n","protected":false},"excerpt":{"rendered":"<p>Aquest lloc web utilitza cookies i tecnologies similars per proporcionar el servei, aix\u00ed com permetre&#8217;ns millorar-lo, a trav\u00e9s de l&#8217;obtenci\u00f3 d&#8217;estad\u00edstiques sobre el seu \u00fas i altres finalitats. Navegar per aquesta web implica necess\u00e0riament la utilitzaci\u00f3 de galetes i tecnologies similars sempre que sigui necessari per al seu funcionament. Aix\u00ed mateix, per a certes finalitats, [&hellip;]<\/p>\n","protected":false},"author":1,"featured_media":0,"parent":0,"menu_order":0,"comment_status":"closed","ping_status":"closed","template":"","meta":{"site-sidebar-layout":"default","site-content-layout":"","ast-site-content-layout":"default","site-content-style":"default","site-sidebar-style":"default","ast-global-header-display":"","ast-banner-title-visibility":"","ast-main-header-display":"","ast-hfb-above-header-display":"","ast-hfb-below-header-display":"","ast-hfb-mobile-header-display":"","site-post-title":"","ast-breadcrumbs-content":"","ast-featured-img":"","footer-sml-layout":"","theme-transparent-header-meta":"","adv-header-id-meta":"","stick-header-meta":"","header-above-stick-meta":"","header-main-stick-meta":"","header-below-stick-meta":"","astra-migrate-meta-layouts":"default","ast-page-background-enabled":"default","ast-page-background-meta":{"desktop":{"background-color":"var(--ast-global-color-4)","background-image":"","background-repeat":"repeat","background-position":"center center","background-size":"auto","background-attachment":"scroll","background-type":"","background-media":"","overlay-type":"","overlay-color":"","overlay-opacity":"","overlay-gradient":""},"tablet":{"background-color":"","background-image":"","background-repeat":"repeat","background-position":"center center","background-size":"auto","background-attachment":"scroll","background-type":"","background-media":"","overlay-type":"","overlay-color":"","overlay-opacity":"","overlay-gradient":""},"mobile":{"background-color":"","background-image":"","background-repeat":"repeat","background-position":"center center","background-size":"auto","background-attachment":"scroll","background-type":"","background-media":"","overlay-type":"","overlay-color":"","overlay-opacity":"","overlay-gradient":""}},"ast-content-background-meta":{"desktop":{"background-color":"var(--ast-global-color-5)","background-image":"","background-repeat":"repeat","background-position":"center center","background-size":"auto","background-attachment":"scroll","background-type":"","background-media":"","overlay-type":"","overlay-color":"","overlay-opacity":"","overlay-gradient":""},"tablet":{"background-color":"var(--ast-global-color-5)","background-image":"","background-repeat":"repeat","background-position":"center center","background-size":"auto","background-attachment":"scroll","background-type":"","background-media":"","overlay-type":"","overlay-color":"","overlay-opacity":"","overlay-gradient":""},"mobile":{"background-color":"var(--ast-global-color-5)","background-image":"","background-repeat":"repeat","background-position":"center center","background-size":"auto","background-attachment":"scroll","background-type":"","background-media":"","overlay-type":"","overlay-color":"","overlay-opacity":"","overlay-gradient":""}},"footnotes":""},"class_list":["post-894","page","type-page","status-publish","hentry"],"_links":{"self":[{"href":"https:\/\/www.esportbenimarfull.com\/ca\/wp-json\/wp\/v2\/pages\/894","targetHints":{"allow":["GET"]}}],"collection":[{"href":"https:\/\/www.esportbenimarfull.com\/ca\/wp-json\/wp\/v2\/pages"}],"about":[{"href":"https:\/\/www.esportbenimarfull.com\/ca\/wp-json\/wp\/v2\/types\/page"}],"author":[{"embeddable":true,"href":"https:\/\/www.esportbenimarfull.com\/ca\/wp-json\/wp\/v2\/users\/1"}],"replies":[{"embeddable":true,"href":"https:\/\/www.esportbenimarfull.com\/ca\/wp-json\/wp\/v2\/comments?post=894"}],"version-history":[{"count":1,"href":"https:\/\/www.esportbenimarfull.com\/ca\/wp-json\/wp\/v2\/pages\/894\/revisions"}],"predecessor-version":[{"id":895,"href":"https:\/\/www.esportbenimarfull.com\/ca\/wp-json\/wp\/v2\/pages\/894\/revisions\/895"}],"wp:attachment":[{"href":"https:\/\/www.esportbenimarfull.com\/ca\/wp-json\/wp\/v2\/media?parent=894"}],"curies":[{"name":"wp","href":"https:\/\/api.w.org\/{rel}","templated":true}]}}