{"id":892,"date":"2024-07-22T15:40:31","date_gmt":"2024-07-22T13:40:31","guid":{"rendered":"https:\/\/www.esportbenimarfull.com\/home\/"},"modified":"2024-07-29T14:56:29","modified_gmt":"2024-07-29T12:56:29","slug":"home","status":"publish","type":"page","link":"https:\/\/www.esportbenimarfull.com\/ca\/","title":{"rendered":"Home"},"content":{"rendered":"\t\t<div data-elementor-type=\"wp-page\" data-elementor-id=\"892\" class=\"elementor elementor-892 elementor-6\" data-elementor-post-type=\"page\">\n\t\t\t\t<div data-particle_enable=\"false\" data-particle-mobile-disabled=\"false\" class=\"elementor-element elementor-element-f1ae20a e-flex e-con-boxed e-con e-parent\" data-id=\"f1ae20a\" data-element_type=\"container\" data-settings=\"{&quot;background_background&quot;:&quot;classic&quot;}\">\n\t\t\t\t\t<div class=\"e-con-inner\">\n\t\t<div data-particle_enable=\"false\" data-particle-mobile-disabled=\"false\" class=\"elementor-element elementor-element-4b71a4e e-con-full e-flex e-con e-child\" data-id=\"4b71a4e\" data-element_type=\"container\">\n\t\t\t\t<div class=\"elementor-element elementor-element-33d0891 elementor-widget elementor-widget-heading\" data-id=\"33d0891\" data-element_type=\"widget\" data-widget_type=\"heading.default\">\n\t\t\t\t<div class=\"elementor-widget-container\">\n\t\t\t<style>\/*! elementor - v3.23.0 - 25-07-2024 *\/\n.elementor-heading-title{padding:0;margin:0;line-height:1}.elementor-widget-heading .elementor-heading-title[class*=elementor-size-]>a{color:inherit;font-size:inherit;line-height:inherit}.elementor-widget-heading .elementor-heading-title.elementor-size-small{font-size:15px}.elementor-widget-heading .elementor-heading-title.elementor-size-medium{font-size:19px}.elementor-widget-heading .elementor-heading-title.elementor-size-large{font-size:29px}.elementor-widget-heading .elementor-heading-title.elementor-size-xl{font-size:39px}.elementor-widget-heading .elementor-heading-title.elementor-size-xxl{font-size:59px}<\/style><h1 class=\"elementor-heading-title elementor-size-default\">Reserva la teva Pista de P\u00e0del a Benimarfull<\/h1>\t\t<\/div>\n\t\t\t\t<\/div>\n\t\t\t\t<div class=\"elementor-element elementor-element-f96ea6f elementor-widget elementor-widget-heading\" data-id=\"f96ea6f\" data-element_type=\"widget\" data-widget_type=\"heading.default\">\n\t\t\t\t<div class=\"elementor-widget-container\">\n\t\t\t<h2 class=\"elementor-heading-title elementor-size-default\">Gaudeix de l'esport a l'aire lliure a les nostres instal\u00b7lacions de primer nivell<\/h2>\t\t<\/div>\n\t\t\t\t<\/div>\n\t\t\t\t<\/div>\n\t\t\t\t\t<\/div>\n\t\t\t\t<\/div>\n\t\t<div data-particle_enable=\"false\" data-particle-mobile-disabled=\"false\" class=\"elementor-element elementor-element-4ed2817 e-flex e-con-boxed e-con e-parent\" data-id=\"4ed2817\" data-element_type=\"container\">\n\t\t\t\t\t<div class=\"e-con-inner\">\n\t\t\t\t<div class=\"elementor-element elementor-element-17bfd74 elementor-widget elementor-widget-heading\" data-id=\"17bfd74\" data-element_type=\"widget\" data-widget_type=\"heading.default\">\n\t\t\t\t<div class=\"elementor-widget-container\">\n\t\t\t<h2 class=\"elementor-heading-title elementor-size-default\">Com faig Realitza la meva Reserva?  <\/h2>\t\t<\/div>\n\t\t\t\t<\/div>\n\t\t\t\t<div class=\"elementor-element elementor-element-ba7c241 elementor-widget elementor-widget-text-editor\" data-id=\"ba7c241\" data-element_type=\"widget\" data-widget_type=\"text-editor.default\">\n\t\t\t\t<div class=\"elementor-widget-container\">\n\t\t\t<style>\/*! elementor - v3.23.0 - 25-07-2024 *\/\n.elementor-widget-text-editor.elementor-drop-cap-view-stacked .elementor-drop-cap{background-color:#69727d;color:#fff}.elementor-widget-text-editor.elementor-drop-cap-view-framed .elementor-drop-cap{color:#69727d;border:3px solid;background-color:transparent}.elementor-widget-text-editor:not(.elementor-drop-cap-view-default) .elementor-drop-cap{margin-top:8px}.elementor-widget-text-editor:not(.elementor-drop-cap-view-default) .elementor-drop-cap-letter{width:1em;height:1em}.elementor-widget-text-editor .elementor-drop-cap{float:left;text-align:center;line-height:1;font-size:50px}.elementor-widget-text-editor .elementor-drop-cap-letter{display:inline-block}<\/style>\t\t\t\t<p>Reservar la pista \u00e9s molt senzill, t&#8217;expliquem com fer-ho!<\/p>\n\t\t\t\t\t\t<\/div>\n\t\t\t\t<\/div>\n\t\t\t\t<div class=\"elementor-element elementor-element-5fc4d74 elementor-widget elementor-widget-eael-content-timeline\" data-id=\"5fc4d74\" data-element_type=\"widget\" data-widget_type=\"eael-content-timeline.default\">\n\t\t\t\t<div class=\"elementor-widget-container\">\n\t\t\t\t\t<div id=\"eael-content-timeline-5fc4d74\" class=\"content-timeline-layout-center date-position-\">\n\t\t\t<div class=\"eael-content-timeline-container\">\n\t\t\t\t<div class=\"eael-content-timeline-container\">\n\t\t\t\t\t\t\t\t\t\t\t\t\t\t\t\t\t\t\t\t\t\t\t<div class=\"eael-content-timeline-block\">\n    <div class=\"eael-content-timeline-line\">\n        <div class=\"eael-content-timeline-inner\"><\/div>\n    <\/div>\n    <div class=\"eael-content-timeline-img eael-picture \"><img decoding=\"async\" src=\"https:\/\/www.esportbenimarfull.com\/wp-content\/uploads\/2024\/07\/tennis_icon-icons.com_53563.png\" style=\"width: 25px;\" alt=\"\n\t\t\t\"><\/div><div class=\"eael-content-timeline-content\"><h2 class=\"eael-timeline-title\"><a href=\"\">Pas 1: Registre<\/a><\/h2><p>Crea el teu compte o inicia sessi\u00f3 per accedir al sistema de reserves. Aquest pas \u00e9s essencial per gestionar les reserves i rebre confirmacions.<\/p>\n<span class=\"eael-date\"><\/span><\/div><\/div>\t\t\t\t\t\t\t\t\t\t\t\t\t\t\t\t\t\t<div class=\"eael-content-timeline-block\">\n    <div class=\"eael-content-timeline-line\">\n        <div class=\"eael-content-timeline-inner\"><\/div>\n    <\/div>\n    <div class=\"eael-content-timeline-img eael-picture \"><img decoding=\"async\" src=\"https:\/\/www.esportbenimarfull.com\/wp-content\/uploads\/2024\/07\/tennis_icon-icons.com_53563.png\" style=\"width: 24px;\" alt=\"\n\t\t\t\"><\/div><div class=\"eael-content-timeline-content\"><h2 class=\"eael-timeline-title\"><a href=\"#\">Pas 2: Selecci\u00f3 de Data i Hora<\/a><\/h2><p>Utilitza el calendari interactiu per triar la data i hora en qu\u00e8 vols reservar la pista de p\u00e0del. Assegureu-vos de revisar la disponibilitat per seleccionar un horari adequat.<\/p>\n<span class=\"eael-date\"><\/span><\/div><\/div>\t\t\t\t\t\t\t\t\t\t\t\t\t\t\t\t\t\t<div class=\"eael-content-timeline-block\">\n    <div class=\"eael-content-timeline-line\">\n        <div class=\"eael-content-timeline-inner\"><\/div>\n    <\/div>\n    <div class=\"eael-content-timeline-img eael-picture \"><img decoding=\"async\" src=\"https:\/\/www.esportbenimarfull.com\/wp-content\/uploads\/2024\/07\/tennis_icon-icons.com_53563.png\" style=\"width: 24px;\" alt=\"\n\t\t\t\"><\/div><div class=\"eael-content-timeline-content\"><h2 class=\"eael-timeline-title\"><a href=\"\">Pas 3: Confirmaci\u00f3<\/a><\/h2><p>Revisa els detalls de la reserva i confirma. Rebr\u00e0s un correu electr\u00f2nic amb la confirmaci\u00f3 i els detalls de la reserva. Prepara't per gaudir del teu joc!<\/p>\n<span class=\"eael-date\"><\/span><\/div><\/div>\t\t\t\t<\/div>\n\t\t\t<\/div>\n\t\t<\/div>\n\t\t\t<\/div>\n\t\t\t\t<\/div>\n\t\t\t\t\t<\/div>\n\t\t\t\t<\/div>\n\t\t<div data-particle_enable=\"false\" data-particle-mobile-disabled=\"false\" class=\"elementor-element elementor-element-e70142e e-flex e-con-boxed e-con e-parent\" data-id=\"e70142e\" data-element_type=\"container\" data-settings=\"{&quot;background_background&quot;:&quot;classic&quot;}\">\n\t\t\t\t\t<div class=\"e-con-inner\">\n\t\t\t\t<div class=\"elementor-element elementor-element-4314906 elementor-widget elementor-widget-heading\" data-id=\"4314906\" data-element_type=\"widget\" data-widget_type=\"heading.default\">\n\t\t\t\t<div class=\"elementor-widget-container\">\n\t\t\t<h2 class=\"elementor-heading-title elementor-size-default\">A qu\u00e8 esperes per utilitzar les nostres instal\u00b7lacions? Registra't ara!  <\/h2>\t\t<\/div>\n\t\t\t\t<\/div>\n\t\t\t\t<div class=\"elementor-element elementor-element-4959a9d elementor-widget elementor-widget-text-editor\" data-id=\"4959a9d\" data-element_type=\"widget\" data-widget_type=\"text-editor.default\">\n\t\t\t\t<div class=\"elementor-widget-container\">\n\t\t\t\t\t\t\t<p>Reserva el teu torn i aprofita les nostres instal\u00b7lacions de primera classe per millorar el teu joc. No perdis loportunitat de viure una experi\u00e8ncia \u00fanica.<\/p>\n\t\t\t\t\t\t<\/div>\n\t\t\t\t<\/div>\n\t\t\t\t<div class=\"elementor-element elementor-element-35b96c9 elementor-align-center elementor-widget elementor-widget-button\" data-id=\"35b96c9\" data-element_type=\"widget\" data-widget_type=\"button.default\">\n\t\t\t\t<div class=\"elementor-widget-container\">\n\t\t\t\t\t<div class=\"elementor-button-wrapper\">\n\t\t\t<a class=\"elementor-button elementor-button-link elementor-size-sm\" href=\"https:\/\/www.esportbenimarfull.com\/ca\/formulari-de-registre\/\">\n\t\t\t\t\t\t<span class=\"elementor-button-content-wrapper\">\n\t\t\t\t\t\t\t\t\t<span class=\"elementor-button-text\">REGISTRA'T!<\/span>\n\t\t\t\t\t<\/span>\n\t\t\t\t\t<\/a>\n\t\t<\/div>\n\t\t\t\t<\/div>\n\t\t\t\t<\/div>\n\t\t\t\t\t<\/div>\n\t\t\t\t<\/div>\n\t\t\t\t<\/div>\n\t\t","protected":false},"excerpt":{"rendered":"<p>Reserva la teva Pista de P\u00e0del a Benimarfull Gaudeix de l&#8217;esport a l&#8217;aire lliure a les nostres instal\u00b7lacions de primer nivell Com faig Realitza la meva Reserva? Reservar la pista \u00e9s molt senzill, t&#8217;expliquem com fer-ho! Pas 1: Registre Crea el teu compte o inicia sessi\u00f3 per accedir al sistema de reserves. Aquest pas \u00e9s [&hellip;]<\/p>\n","protected":false},"author":1,"featured_media":0,"parent":0,"menu_order":0,"comment_status":"closed","ping_status":"closed","template":"","meta":{"site-sidebar-layout":"no-sidebar","site-content-layout":"page-builder","ast-site-content-layout":"","site-content-style":"default","site-sidebar-style":"default","ast-global-header-display":"","ast-banner-title-visibility":"","ast-main-header-display":"","ast-hfb-above-header-display":"","ast-hfb-below-header-display":"","ast-hfb-mobile-header-display":"","site-post-title":"disabled","ast-breadcrumbs-content":"disabled","ast-featured-img":"disabled","footer-sml-layout":"","theme-transparent-header-meta":"disabled","adv-header-id-meta":"","stick-header-meta":"","header-above-stick-meta":"","header-main-stick-meta":"","header-below-stick-meta":"","astra-migrate-meta-layouts":"default","ast-page-background-enabled":"default","ast-page-background-meta":{"desktop":{"background-color":"var(--ast-global-color-4)","background-image":"","background-repeat":"repeat","background-position":"center center","background-size":"auto","background-attachment":"scroll","background-type":"","background-media":"","overlay-type":"","overlay-color":"","overlay-opacity":"","overlay-gradient":""},"tablet":{"background-color":"","background-image":"","background-repeat":"repeat","background-position":"center center","background-size":"auto","background-attachment":"scroll","background-type":"","background-media":"","overlay-type":"","overlay-color":"","overlay-opacity":"","overlay-gradient":""},"mobile":{"background-color":"","background-image":"","background-repeat":"repeat","background-position":"center center","background-size":"auto","background-attachment":"scroll","background-type":"","background-media":"","overlay-type":"","overlay-color":"","overlay-opacity":"","overlay-gradient":""}},"ast-content-background-meta":{"desktop":{"background-color":"var(--ast-global-color-5)","background-image":"","background-repeat":"repeat","background-position":"center center","background-size":"auto","background-attachment":"scroll","background-type":"","background-media":"","overlay-type":"","overlay-color":"","overlay-opacity":"","overlay-gradient":""},"tablet":{"background-color":"var(--ast-global-color-5)","background-image":"","background-repeat":"repeat","background-position":"center center","background-size":"auto","background-attachment":"scroll","background-type":"","background-media":"","overlay-type":"","overlay-color":"","overlay-opacity":"","overlay-gradient":""},"mobile":{"background-color":"var(--ast-global-color-5)","background-image":"","background-repeat":"repeat","background-position":"center center","background-size":"auto","background-attachment":"scroll","background-type":"","background-media":"","overlay-type":"","overlay-color":"","overlay-opacity":"","overlay-gradient":""}},"footnotes":""},"class_list":["post-892","page","type-page","status-publish","hentry"],"_links":{"self":[{"href":"https:\/\/www.esportbenimarfull.com\/ca\/wp-json\/wp\/v2\/pages\/892","targetHints":{"allow":["GET"]}}],"collection":[{"href":"https:\/\/www.esportbenimarfull.com\/ca\/wp-json\/wp\/v2\/pages"}],"about":[{"href":"https:\/\/www.esportbenimarfull.com\/ca\/wp-json\/wp\/v2\/types\/page"}],"author":[{"embeddable":true,"href":"https:\/\/www.esportbenimarfull.com\/ca\/wp-json\/wp\/v2\/users\/1"}],"replies":[{"embeddable":true,"href":"https:\/\/www.esportbenimarfull.com\/ca\/wp-json\/wp\/v2\/comments?post=892"}],"version-history":[{"count":4,"href":"https:\/\/www.esportbenimarfull.com\/ca\/wp-json\/wp\/v2\/pages\/892\/revisions"}],"predecessor-version":[{"id":918,"href":"https:\/\/www.esportbenimarfull.com\/ca\/wp-json\/wp\/v2\/pages\/892\/revisions\/918"}],"wp:attachment":[{"href":"https:\/\/www.esportbenimarfull.com\/ca\/wp-json\/wp\/v2\/media?parent=892"}],"curies":[{"name":"wp","href":"https:\/\/api.w.org\/{rel}","templated":true}]}}