{"id":888,"date":"2024-07-23T12:48:16","date_gmt":"2024-07-23T10:48:16","guid":{"rendered":"https:\/\/www.esportbenimarfull.com\/avis-legal\/"},"modified":"2024-07-29T11:32:36","modified_gmt":"2024-07-29T09:32:36","slug":"avis-legal","status":"publish","type":"page","link":"https:\/\/www.esportbenimarfull.com\/ca\/avis-legal\/","title":{"rendered":"Av\u00eds Legal"},"content":{"rendered":"\n<p>L&#8217;AJUNTAMENT DE BENIMARFULL responsable del lloc web, posa a disposici\u00f3 dels usuaris aquest document, amb el qual pret\u00e9n donar compliment a les obligacions disposades a la Llei 34\/2002, d&#8217;11 de juliol, de Serveis de la Societat de la Informaci\u00f3 i del Comer\u00e7 Electr\u00f2nic (LSSICE), aix\u00ed com informar tots els usuaris del lloc web respecte a quines s\u00f3n les condicions d\u00fas.<\/p>\n\n<p>Tota persona que accedeixi a aquest lloc web assumeix el paper d&#8217;usuari, comprometent-se a l&#8217;observan\u00e7a i el compliment rigor\u00f3s de les disposicions aqu\u00ed disposades, aix\u00ed com a qualsevol altra disposici\u00f3 legal que sigui aplicable.<\/p>\n\n<p>L&#8217;AJUNTAMENT DE BENIMARFULL es reserva el dret de modificar qualsevol tipus d&#8217;informaci\u00f3 que pogu\u00e9s apar\u00e8ixer al lloc web, sense que hi hagi obligaci\u00f3 de preavisar o posar en coneixement dels usuaris aquestes obligacions, entenent-se com a suficient amb la publicaci\u00f3 al lloc web.<\/p>\n\n<ol class=\"wp-block-list\">\n<li><strong>DADES IDENTIFICATIVES<\/strong><\/li>\n<\/ol>\n\n<ul class=\"wp-block-list\">\n<li>Denominaci\u00f3 social: Ajuntament de Benimarfull<\/li>\n\n\n\n<li>CIF: P0303800G<\/li>\n\n\n\n<li>Domicili: Pla\u00e7a Major, 2 \u2013 03827 (Alacant) \u2013 Tel\u00e8fon 965531301<\/li>\n\n\n\n<li>E-mail: <a href=\"mailto:benimarfull@benimarfull.es\">benimarfull@benimarfull.es<\/a><\/li>\n\n\n\n<li>Dades del Delegat de Protecci\u00f3 de Dades: Oficina Provincial de Protecci\u00f3 de Dades (OPPD) de la Diputaci\u00f3 Provincial d&#8217;Alacant <a href=\"mailto:oficinapd@diputacionalicante.es\">oficinapd@diputacionalicante.es<\/a> Tel\u00e8fon 965988900<\/li>\n<\/ul>\n\n<ol start=\"2\" class=\"wp-block-list\">\n<li><strong>OBJECTE<\/strong><\/li>\n<\/ol>\n\n<p>A trav\u00e9s del Lloc Web, us oferim als Usuaris la possibilitat d&#8217;accedir a la informaci\u00f3 sobre els nostres serveis.<\/p>\n\n<ol start=\"3\" class=\"wp-block-list\">\n<li><strong>PRIVACITAT I TRACTAMENT DE DADES<\/strong><\/li>\n<\/ol>\n\n<p>Quan per a l&#8217;acc\u00e9s a determinats continguts o servei sigui necessari facilitar dades de car\u00e0cter personal, els Usuaris garantiran la seva veracitat, exactitud, autenticitat i vig\u00e8ncia. L&#8217;Ajuntament donar\u00e0 a aquestes dades el tractament automatitzat que correspongui en funci\u00f3 de la seva naturalesa o finalitat, en els termes indicats a la secci\u00f3 de Pol\u00edtica de Privadesa. <\/p>\n\n<ol start=\"4\" class=\"wp-block-list\">\n<li><strong>PROPIETAT INDUSTRIAL I INTEL\u00b7LECTUAL<\/strong><\/li>\n<\/ol>\n\n<p>L&#8217;Usuari reconeix i accepta que tots els continguts que es mostren al Lloc Web i en especial, dissenys, textos, imatges, logos, icones, botons, programari, noms comercials, marques, o qualsevol altre signe susceptible d&#8217;utilitzaci\u00f3 industrial i\/o comercial estan subjectes a drets de Propietat Intel\u00b7lectual i totes les marques, noms comercials o signes distintius, tots els drets de propietat industrial i intel\u00b7lectual, sobre els continguts i\/o qualssevol altres elements inserits a la p\u00e0gina, que s\u00f3n propietat exclusiva de l&#8217;Ajuntament i\/ o de tercers, els qui tenen el dret exclusiu d&#8217;utilitzar-los al tr\u00e0nsit econ\u00f2mic. Per tot aix\u00f2, l&#8217;Usuari es compromet a no reproduir, copiar, distribuir, posar a disposici\u00f3 o de qualsevol altra manera comunicar p\u00fablicament, transformar o modificar aquests continguts mantenint indemne a l&#8217;Ajuntament de qualsevol reclamaci\u00f3 que derivi de l&#8217;incompliment d&#8217;aquestes obligacions. En cap cas l&#8217;acc\u00e9s al Lloc Web implica cap tipus de ren\u00fancia, transmissi\u00f3, llic\u00e8ncia o cessi\u00f3 total ni parcial dels drets esmentats, llevat que s&#8217;estableixi expressament el contrari. Aquestes Condicions Generals d&#8217;\u00das del Lloc Web no confereixen als Usuaris cap altre dret d&#8217;utilitzaci\u00f3, RRHH, alteraci\u00f3, explotaci\u00f3, reproducci\u00f3, distribuci\u00f3 o comunicaci\u00f3 p\u00fablica del Lloc Web i\/o dels seus Continguts diferents dels aqu\u00ed expressament previstos. Qualsevol altre \u00fas o explotaci\u00f3 de qualssevol drets estar\u00e0 subjecte a la pr\u00e8via i expressa autoritzaci\u00f3 espec\u00edficament atorgada a aquest efecte per lAjuntament o el tercer titular dels drets afectats.    <\/p>\n\n<p>Els continguts, textos, fotografies, dissenys, logotips, imatges, programes d&#8217;ordinador, codis font i, en general, qualsevol creaci\u00f3 intel\u00b7lectual existent en aquest Espai, aix\u00ed com el mateix Espai en conjunt, com a obra art\u00edstica multim\u00e8dia, estan protegits com a drets d&#8217;autor per la legislaci\u00f3 en mat\u00e8ria de propietat intel\u00b7lectual. L&#8217;Ajuntament \u00e9s titular dels elements que integren el disseny gr\u00e0fic del Lloc Web, els men\u00fas, botons de navegaci\u00f3, el codi HTML, els textos, imatges, textures, gr\u00e0fics i qualsevol altre contingut del Lloc Web o, en qualsevol cas, disposa de la corresponent autoritzaci\u00f3 per a la utilitzaci\u00f3 dels elements esmentats. El contingut disposat al Lloc Web no podr\u00e0 ser reprodu\u00eft ni en tot ni en part, ni transm\u00e8s, ni registrat per cap sistema de recuperaci\u00f3 dinformaci\u00f3, en cap forma ni en cap mitj\u00e0, llevat que es compti amb lautoritzaci\u00f3 pr\u00e8via, per escrit, de la citada Entitat.  <\/p>\n\n<p>Aix\u00ed mateix, queda prohibit suprimir, eludir i\/o manipular el copyright aix\u00ed com els dispositius t\u00e8cnics de protecci\u00f3, o qualsevol mecanisme d&#8217;informaci\u00f3 que pogu\u00e9s contenir els continguts. L&#8217;Usuari d&#8217;aquest Lloc Web es compromet a respectar els drets enunciats ia evitar qualsevol actuaci\u00f3 que els pugui perjudicar, reservant-se en tot cas l&#8217;Ajuntament l&#8217;exercici de tots els mitjans o accions legals que li corresponguin en defensa dels seus leg\u00edtims drets de propietat intel\u00b7lectual i industrial. <\/p>\n\n<ol start=\"5\" class=\"wp-block-list\">\n<li><strong>OBLIGACIONS I RESPONSABILITATS DE L&#8217;USUARI DEL LLOC WEB<\/strong><\/li>\n<\/ol>\n\n<p>L&#8217;Usuari es compromet a:<\/p>\n\n<p>Fer un \u00fas adequat i l\u00edcit del Lloc Web, aix\u00ed com dels continguts i serveis, de conformitat amb: (i) la legislaci\u00f3 aplicable a cada moment; (ii) les Condicions Generals d&#8217;\u00das del Lloc Web; (iii) la moral i els bons costums generalment acceptats i (iv) l&#8217;ordre p\u00fablic.    <\/p>\n\n<p>Proveir-se de tots els mitjans i requeriments t\u00e8cnics que calguin per accedir al Lloc Web.<\/p>\n\n<p>Facilitar informaci\u00f3 vera\u00e7 en emplenar amb les vostres dades de car\u00e0cter personal els formularis continguts al Lloc Web ia mantenir-los actualitzats en tot moment de manera que respongui, en cada moment, a la situaci\u00f3 real de l&#8217;Usuari. L&#8217;Usuari ser\u00e0 l&#8217;\u00fanic responsable de les manifestacions falses o inexactes que faci i dels perjudicis que causi a l&#8217;Ajuntament oa tercers per la informaci\u00f3 que faciliti. <\/p>\n\n<p>Aix\u00f2 no obstant, l&#8217;establert a l&#8217;apartat anterior l&#8217;usuari haur\u00e0 d&#8217;abstenir-se aix\u00ed mateix de:<\/p>\n\n<p>Fer un \u00fas no autoritzat o fraudulent del Lloc Web i\/o dels continguts amb fins o efectes il\u00b7l\u00edcits, prohibits en aquestes Condicions Generals d&#8217;\u00das, lesius dels drets i interessos de tercers, o que de qualsevol manera puguin danyar, inutilitzar, sobrecarregar, deteriorar o impedir la utilitzaci\u00f3 normal dels serveis o els documents, arxius i tota mena de continguts emmagatzemats en qualsevol equip inform\u00e0tic.<\/p>\n\n<p>Accedir o intentar accedir a recursos o \u00e0rees restringides del Lloc Web, sense complir les condicions exigides per a aquest acc\u00e9s.<\/p>\n\n<p>Provocar danys als sistemes f\u00edsics o l\u00f2gics del Lloc Web, dels seus prove\u00efdors o de tercers.<\/p>\n\n<p>Introduir o difondre a la xarxa virus inform\u00e0tics o qualssevol altres sistemes f\u00edsics o l\u00f2gics que siguin susceptibles de provocar danys als sistemes f\u00edsics o l\u00f2gics de l&#8217;Ajuntament, prove\u00efdors o de tercers.<\/p>\n\n<p>Intentar accedir, utilitzar i\/o manipular les dades de l&#8217;Ajuntament, tercers prove\u00efdors i altres usuaris.<\/p>\n\n<p>Reproduir o copiar, distribuir, permetre l&#8217;acc\u00e9s del p\u00fablic a trav\u00e9s de qualsevol modalitat de comunicaci\u00f3 p\u00fablica, transformar o modificar els continguts, llevat que es compti amb l&#8217;autoritzaci\u00f3 del titular dels drets corresponents o sigui legalment perm\u00e8s.<\/p>\n\n<p>Suprimir, ocultar o manipular les notes sobre drets de propietat intel\u00b7lectual o industrial i altres dades identificatives dels drets de l&#8217;Ajuntament o de tercers incorporats als continguts, aix\u00ed com els dispositius t\u00e8cnics de protecci\u00f3 o qualsevol mecanisme d&#8217;informaci\u00f3 que es pugui inserir en els continguts.<\/p>\n\n<p>Obtenir i intentar obtenir els continguts utilitzant mitjans o procediments diferents dels que, segons els casos, s&#8217;hagin posat a la seva disposici\u00f3 a aquest efecte o s&#8217;hagin indicat expressament a les p\u00e0gines web on es trobin els continguts o, en general, de els que es facin servir habitualment a Internet per no comportar un risc de dany o inutilitzaci\u00f3 del Lloc Web i\/o dels continguts.<\/p>\n\n<p>En particular, ia t\u00edtol merament indicatiu i no exhaustiu, l&#8217;Usuari es compromet a no transmetre, difondre o posar a disposici\u00f3 de tercers informacions, dades, continguts, missatges, gr\u00e0fics, dibuixos, arxius de so i\/o imatge, fotografies, enregistraments, programari i, en general, qualsevol classe de material que:<\/p>\n\n<ul class=\"wp-block-list\">\n<li>De qualsevol manera sigui contrari, menysprei o atempti contra els drets fonamentals i les llibertats p\u00fabliques reconegudes constitucionalment, als Tractats Internacionals ia la resta de la legislaci\u00f3 vigent.<\/li>\n\n\n\n<li>Indueixi, inciti o promogui actuacions delictives, denigrat\u00f2ries, difamat\u00f2ries, violentes o, en general, contr\u00e0ries a la llei, a la moral, als bons costums generalment acceptats oa l&#8217;ordre p\u00fablic.<\/li>\n\n\n\n<li>Indueixi, inciti o promogui actuacions, actituds o pensaments discriminatoris per ra\u00f3 de sexe, ra\u00e7a, religi\u00f3, creences, edat o condici\u00f3.<\/li>\n\n\n\n<li>Incorporeu, poseu a disposici\u00f3 o permeteu accedir a productes, elements, missatges i\/o serveis delictius, violents, ofensius, nocius, degradants o, en general, contraris a la llei, a la moral i als bons costums generalment acceptats oa l&#8217;ordre p\u00fablic . Indu\u00efu o pugueu induir a un estat inacceptable d&#8217;ansietat o temor. <\/li>\n\n\n\n<li>Indueixi o inciti a involucrar-se en pr\u00e0ctiques perilloses, de risc o nocives per a la salut i lequilibri ps\u00edquic.<\/li>\n\n\n\n<li>Est\u00e0 protegit per la legislaci\u00f3 en mat\u00e8ria de protecci\u00f3 intel\u00b7lectual o industrial pertanyent a la societat oa tercers sense que hagi estat autoritzat l&#8217;\u00fas que es pretengui realitzar.<\/li>\n\n\n\n<li>Sigui contrari a l&#8217;honor, a la intimitat personal i familiar oa la pr\u00f2pia imatge de les persones.<\/li>\n\n\n\n<li>Constitu\u00efu qualsevol tipus de publicitat.<\/li>\n\n\n\n<li>Incloeu qualsevol tipus de virus o programa que impedeixi el normal funcionament del Lloc Web.<\/li>\n<\/ul>\n\n<p>Si per accedir a alguns dels serveis i\/o continguts del Lloc Web, se li proporcion\u00e9s una contrasenya, s&#8217;obliga a fer-la servir de manera diligent, mantenint-la en tot moment en secret. En conseq\u00fc\u00e8ncia, ser\u00e0 responsable de la seva adequada cust\u00f2dia i confidencialitat, i es comprometr\u00e0 a no cedir-la a tercers, de manera temporal o permanent, ni a permetre l&#8217;acc\u00e9s als serveis i\/o continguts esmentats per part de persones alienes. Igualment, s&#8217;obliga a notificar a la societat qualsevol fet que pugui suposar un \u00fas indegut de la contrasenya, com, a t\u00edtol enunciatiu, el robatori, la p\u00e8rdua o l&#8217;acc\u00e9s no autoritzat, a fi de procedir a cancel\u00b7lar-la immediatament. En conseq\u00fc\u00e8ncia, mentre no efectu\u00ef la notificaci\u00f3 anterior, l&#8217;Ajuntament quedar\u00e0 eximida de qualsevol responsabilitat que pogu\u00e9s derivar-se de l&#8217;\u00fas indegut de la contrasenya, sent de la seva responsabilitat qualsevol utilitzaci\u00f3 il\u00b7l\u00edcita dels continguts i\/o serveis del Lloc Web per qualsevol tercer il\u00b7leg\u00edtim. Si de manera negligent o dolosa incompl\u00eds qualsevol de les obligacions establertes en aquestes Condicions Generals d&#8217;\u00das, respondr\u00e0 per tots els danys i perjudicis que d&#8217;aquest incompliment es puguin derivar per a l&#8217;Ajuntament.    <\/p>\n\n<ol start=\"6\" class=\"wp-block-list\">\n<li><strong>RESPONSABILITATS<\/strong><\/li>\n<\/ol>\n\n<p>No es garanteix l&#8217;acc\u00e9s continuat, ni la correcta visualitzaci\u00f3, desc\u00e0rrega o utilitat dels elements i informacions contingudes a la web que es puguin veure impedits, dificultats o interromputs per factors o circumst\u00e0ncies que estan fora del seu control. No es fa responsable de les decisions que es puguin adoptar com a conseq\u00fc\u00e8ncia de l&#8217;acc\u00e9s als continguts o les informacions ofertes. <\/p>\n\n<p>Es podr\u00e0 interrompre el servei, o resoldre de manera immediata la relaci\u00f3 amb l&#8217;Usuari, si es detecta que un \u00fas del seu Lloc Web, o de qualsevol dels serveis oferts en aquest, \u00e9s contrari a les presents Condicions Generals d&#8217;\u00das. ens fem responsables per danys, perjudicis, p\u00e8rdues, reclamacions o despeses derivades de l\u00fas del Lloc Web. <\/p>\n\n<p>\u00danicament ser\u00e0 responsable d&#8217;eliminar, com m\u00e9s aviat millor, els continguts que puguin generar aquests perjudicis, sempre que aix\u00ed es notifiqui. En especial no serem responsables dels perjudicis que se&#8217;n poguessin derivar, entre d&#8217;altres, de: <\/p>\n\n<p>Interfer\u00e8ncies, interrupcions, fallades, omissions, avaries telef\u00f2niques, retards, bloquejos o desconnexions en el funcionament del sistema electr\u00f2nic, motivades per defici\u00e8ncies, sobrec\u00e0rregues i errors a les l\u00ednies i xarxes de telecomunicacions, o per qualsevol altra causa aliena al control de l&#8217;Ajuntament.<\/p>\n\n<p>Intromissions il\u00b7leg\u00edtimes mitjan\u00e7ant l&#8217;\u00fas de programes malignes de qualsevol tipus ia trav\u00e9s de qualsevol mitj\u00e0 de comunicaci\u00f3, com ara virus inform\u00e0tics o qualssevol altres.<\/p>\n\n<p>Ab\u00fas indegut o inadequat del Lloc Web.<\/p>\n\n<p>Errors de seguretat o navegaci\u00f3 produ\u00efts per un mal funcionament del navegador o per l\u00fas de versions no actualitzades del mateix. L&#8217;administrador del Lloc Web es reserven el dret de retirar, totalment o parcialment, qualsevol contingut o informaci\u00f3 present al Lloc Web. <\/p>\n\n<p>L&#8217;Ajuntament exclou qualsevol responsabilitat pels danys i perjudicis de tota naturalesa que poguessin deure&#8217;s a la mala utilitzaci\u00f3 dels serveis de lliure disposici\u00f3 i \u00fas per part dels Usuaris de Lloc Web. Aix\u00ed mateix, queda exonerat de qualsevol responsabilitat pel contingut i les informacions que puguin ser rebudes com a conseq\u00fc\u00e8ncia dels formularis de recollida de dades, i aquestes estan \u00fanicament per a la prestaci\u00f3 dels serveis de consultes i dubtes. D&#8217;altra banda, en cas de causar danys i perjudicis per un \u00fas il\u00b7l\u00edcit o incorrecte dels serveis esmentats, podr\u00e0 ser l&#8217;Usuari reclamat pels danys o perjudicis causats.  <\/p>\n\n<p>Vost\u00e8 mantindr\u00e0 a l&#8217;Ajuntament indemne davant de qualsevol dany i perjudici que es derivin de reclamacions, accions o demandes de tercers com a conseq\u00fc\u00e8ncia del seu acc\u00e9s o \u00fas del Lloc Web. Aix\u00ed mateix, vost\u00e8 s&#8217;obliga a indemnitzar davant de qualsevol dany i perjudici, que es derivin de l&#8217;\u00fas per part seva de robots, spiders, crawlers o eines similars emprades per tal de demanar o extreure dades o de qualsevol altra actuaci\u00f3 per part seva que imposi una c\u00e0rrega irraonable sobre el funcionament del Lloc Web. <\/p>\n\n<ol start=\"7\" class=\"wp-block-list\">\n<li><strong>HIPERVINCLES<\/strong><\/li>\n<\/ol>\n\n<p>L&#8217;Usuari s&#8217;obliga a no reproduir de cap manera, ni tan sols mitjan\u00e7ant un hiperenlla\u00e7 o hipervincle, el Lloc Web, aix\u00ed com cap dels seus continguts, llevat d&#8217;autoritzaci\u00f3 expressa i per escrit del responsable del fitxer.<\/p>\n\n<p>Es concedeix a l&#8217;Usuari un dret limitat, revocable i no exclusiu a crear enlla\u00e7os a la p\u00e0gina principal del Lloc Web exclusivament per a \u00fas privat i no comercial. Els Espais web que incloguin enlla\u00e7 al nostre Lloc Web (i) no podran falsejar la seva relaci\u00f3 ni afirmar que s&#8217;ha autoritzat aquest enlla\u00e7, ni incloure marques, denominacions, noms comercials, logotips o altres signes distintius de la nostra societat; (ii) no poden incloure continguts que es puguin considerar de mal gust, obscens, ofensius, controvertits, que incitin a la viol\u00e8ncia o la discriminaci\u00f3 per ra\u00f3 de sexe, ra\u00e7a o religi\u00f3, contraris a l&#8217;ordre p\u00fablic o il\u00b7l\u00edcits; (iii) no podran enlla\u00e7ar a cap p\u00e0gina del Lloc Web diferent de la p\u00e0gina principal; (iv) haur\u00e0 d&#8217;enlla\u00e7ar amb la pr\u00f2pia adre\u00e7a del Lloc Web, sense permetre que el Lloc Web que realitzi l&#8217;enlla\u00e7 reprodueixi el Lloc Web com a part de la seva web o dins d&#8217;un dels seus \u201cframes\u201d o crear un \u201cbrowser\u201d sobre qualsevol de les p\u00e0gines del Lloc Web. L&#8217;Ajuntament podr\u00e0 sol\u00b7licitar, en qualsevol moment, que elimini qualsevol enlla\u00e7 al Lloc Web, despr\u00e9s d&#8217;aix\u00f2 haur\u00e0 de procedir immediatament a la seva eliminaci\u00f3.      <\/p>\n\n<p>L&#8217;Ajuntament no pot controlar la informaci\u00f3, continguts, productes o serveis facilitats per altres Espais web que tinguin establerts enlla\u00e7os amb destinaci\u00f3 al Lloc Web.<\/p>\n\n<ol start=\"8\" class=\"wp-block-list\">\n<li><strong>PROTECCI\u00d3 DE DADES<\/strong><\/li>\n<\/ol>\n\n<p>Per utilitzar alguns dels serveis, l&#8217;usuari ha de proporcionar pr\u00e8viament certes dades de car\u00e0cter personal. L&#8217;Ajuntament tractar\u00e0 automatitzadament aquestes dades i aplicar\u00e0 les mesures de seguretat corresponents, tot aix\u00f2 en compliment de la normativa vigent. L&#8217;Usuari pot accedir a la pol\u00edtica seguida en el tractament de les dades personals, aix\u00ed com l&#8217;establiment de les finalitats pr\u00e8viament establertes, en les condicions definides a la Pol\u00edtica de Privadesa.  <\/p>\n\n<ol start=\"9\" class=\"wp-block-list\">\n<li><strong>COOKIES<\/strong><\/li>\n<\/ol>\n\n<p>L&#8217;Ajuntament es reserva el dret d&#8217;utilitzar la tecnologia \u201ccookie\u201d al Lloc Web, per tal de recon\u00e8ixer-ho com a Usuari freq\u00fcent i personalitzar l&#8217;\u00fas que realitzi del Lloc Web mitjan\u00e7ant la preselecci\u00f3 del seu idioma, o continguts m\u00e9s desitjats o espec\u00edfics.<\/p>\n\n<p>Les cookies s\u00f3n fitxers enviats a un navegador, per mitj\u00e0 d&#8217;un servidor web, per registrar la navegaci\u00f3 de l&#8217;Usuari al Lloc Web, quan l&#8217;Usuari en permeti la recepci\u00f3. Si ho desitgeu podeu configurar el vostre navegador per a ser avisat en pantalla de la recepci\u00f3 de cookies i per impedir la instal\u00b7laci\u00f3 de cookies al vostre disc dur. Si us plau consulteu les instruccions i manuals del vostre navegador per ampliar aquesta informaci\u00f3.  <\/p>\n\n<p>Gr\u00e0cies a les cookies, \u00e9s possible que es pugui recon\u00e8ixer el navegador de l&#8217;ordinador utilitzat per l&#8217;Usuari amb la finalitat de facilitar continguts i oferir les prefer\u00e8ncies de navegaci\u00f3 o publicit\u00e0ries que l&#8217;Usuari, als perfils demogr\u00e0fics dels Usuaris, aix\u00ed com per mesurar les visites i par\u00e0metres del tr\u00e0nsit, controlar el progr\u00e9s i el nombre d&#8217;entrades.<\/p>\n\n<ol start=\"10\" class=\"wp-block-list\">\n<li><strong>DECLARACIONS I GARANTIES<\/strong><\/li>\n<\/ol>\n\n<p>En general, els continguts i serveis oferts al Lloc Web tenen car\u00e0cter merament informatiu. Per tant, en oferir-los, no s&#8217;atorga cap garantia ni cap declaraci\u00f3 en relaci\u00f3 amb els continguts i serveis oferts al Lloc Web, incloent-hi, a t\u00edtol enunciatiu, garanties de licitud, fiabilitat, utilitat, veracitat, exactitud, o comerciabilitat, llevat de la mesura que per llei no es puguin excloure aquestes declaracions i garanties.<\/p>\n\n<ol start=\"11\" class=\"wp-block-list\">\n<li><strong>FOR\u00c7A MAJOR<\/strong><\/li>\n<\/ol>\n\n<p>L&#8217;Ajuntament no ser\u00e0 responsable en tot cas d&#8217;impossibilitat de prestar servei, si aquesta es deu a interrupcions prolongades del subministrament el\u00e8ctric, l\u00ednies de telecomunicacions, conflictes socials, vagues, rebel\u00b7li\u00f3, explosions, inundacions, actes i omissions del Govern, i en general tots els sup\u00f2sits de for\u00e7a major o de cas fortu\u00eft.<\/p>\n\n<ol start=\"12\" class=\"wp-block-list\">\n<li><strong>RESOLUCI\u00d3 DE CONTROV\u00c8RSIES. LLEI APLICABLE I JURISDICCI\u00d3<\/strong><\/li>\n<\/ol>\n\n<p>Aquestes Condicions Generals d&#8217;\u00das, aix\u00ed com l&#8217;\u00fas del Lloc Web, es regiran per la legislaci\u00f3 espanyola. Per a la resoluci\u00f3 de qualsevol controv\u00e8rsia les parts se sotmetran als jutjats i tribunals del domicili social del responsable del lloc web.<\/p>\n\n<p>En cas que qualsevol estipulaci\u00f3 de les presents Condicions Generals d&#8217;\u00das result\u00e9s inexigible o nul\u00b7la en virtut de la legislaci\u00f3 aplicable o com a conseq\u00fc\u00e8ncia d&#8217;una resoluci\u00f3 judicial o administrativa, aquesta inexigibilitat o nul\u00b7litat no far\u00e0 que aquestes Condicions Generals d&#8217;\u00das resultin inexigibles o nul\u00b7les en conjunt. En aquests casos, l&#8217;Ajuntament procedir\u00e0 a la modificaci\u00f3 o substituci\u00f3 d&#8217;aquesta estipulaci\u00f3 per una altra que sigui v\u00e0lida i exigible i que, en la mesura que sigui possible, aconsegueixi l&#8217;objectiu i la pretensi\u00f3 reflectits en l&#8217;estipulaci\u00f3 original.<\/p>\n","protected":false},"excerpt":{"rendered":"<p>L&#8217;AJUNTAMENT DE BENIMARFULL responsable del lloc web, posa a disposici\u00f3 dels usuaris aquest document, amb el qual pret\u00e9n donar compliment a les obligacions disposades a la Llei 34\/2002, d&#8217;11 de juliol, de Serveis de la Societat de la Informaci\u00f3 i del Comer\u00e7 Electr\u00f2nic (LSSICE), aix\u00ed com informar tots els usuaris del lloc web respecte a [&hellip;]<\/p>\n","protected":false},"author":1,"featured_media":0,"parent":0,"menu_order":0,"comment_status":"closed","ping_status":"closed","template":"","meta":{"site-sidebar-layout":"default","site-content-layout":"","ast-site-content-layout":"default","site-content-style":"default","site-sidebar-style":"default","ast-global-header-display":"","ast-banner-title-visibility":"","ast-main-header-display":"","ast-hfb-above-header-display":"","ast-hfb-below-header-display":"","ast-hfb-mobile-header-display":"","site-post-title":"","ast-breadcrumbs-content":"","ast-featured-img":"","footer-sml-layout":"","theme-transparent-header-meta":"","adv-header-id-meta":"","stick-header-meta":"","header-above-stick-meta":"","header-main-stick-meta":"","header-below-stick-meta":"","astra-migrate-meta-layouts":"default","ast-page-background-enabled":"default","ast-page-background-meta":{"desktop":{"background-color":"var(--ast-global-color-4)","background-image":"","background-repeat":"repeat","background-position":"center center","background-size":"auto","background-attachment":"scroll","background-type":"","background-media":"","overlay-type":"","overlay-color":"","overlay-opacity":"","overlay-gradient":""},"tablet":{"background-color":"","background-image":"","background-repeat":"repeat","background-position":"center center","background-size":"auto","background-attachment":"scroll","background-type":"","background-media":"","overlay-type":"","overlay-color":"","overlay-opacity":"","overlay-gradient":""},"mobile":{"background-color":"","background-image":"","background-repeat":"repeat","background-position":"center center","background-size":"auto","background-attachment":"scroll","background-type":"","background-media":"","overlay-type":"","overlay-color":"","overlay-opacity":"","overlay-gradient":""}},"ast-content-background-meta":{"desktop":{"background-color":"var(--ast-global-color-5)","background-image":"","background-repeat":"repeat","background-position":"center center","background-size":"auto","background-attachment":"scroll","background-type":"","background-media":"","overlay-type":"","overlay-color":"","overlay-opacity":"","overlay-gradient":""},"tablet":{"background-color":"var(--ast-global-color-5)","background-image":"","background-repeat":"repeat","background-position":"center center","background-size":"auto","background-attachment":"scroll","background-type":"","background-media":"","overlay-type":"","overlay-color":"","overlay-opacity":"","overlay-gradient":""},"mobile":{"background-color":"var(--ast-global-color-5)","background-image":"","background-repeat":"repeat","background-position":"center center","background-size":"auto","background-attachment":"scroll","background-type":"","background-media":"","overlay-type":"","overlay-color":"","overlay-opacity":"","overlay-gradient":""}},"footnotes":""},"class_list":["post-888","page","type-page","status-publish","hentry"],"_links":{"self":[{"href":"https:\/\/www.esportbenimarfull.com\/ca\/wp-json\/wp\/v2\/pages\/888","targetHints":{"allow":["GET"]}}],"collection":[{"href":"https:\/\/www.esportbenimarfull.com\/ca\/wp-json\/wp\/v2\/pages"}],"about":[{"href":"https:\/\/www.esportbenimarfull.com\/ca\/wp-json\/wp\/v2\/types\/page"}],"author":[{"embeddable":true,"href":"https:\/\/www.esportbenimarfull.com\/ca\/wp-json\/wp\/v2\/users\/1"}],"replies":[{"embeddable":true,"href":"https:\/\/www.esportbenimarfull.com\/ca\/wp-json\/wp\/v2\/comments?post=888"}],"version-history":[{"count":1,"href":"https:\/\/www.esportbenimarfull.com\/ca\/wp-json\/wp\/v2\/pages\/888\/revisions"}],"predecessor-version":[{"id":889,"href":"https:\/\/www.esportbenimarfull.com\/ca\/wp-json\/wp\/v2\/pages\/888\/revisions\/889"}],"wp:attachment":[{"href":"https:\/\/www.esportbenimarfull.com\/ca\/wp-json\/wp\/v2\/media?parent=888"}],"curies":[{"name":"wp","href":"https:\/\/api.w.org\/{rel}","templated":true}]}}